{"id":13,"date":"2023-11-29T18:40:13","date_gmt":"2023-11-29T18:40:13","guid":{"rendered":"https:\/\/emmanuel.livealternativa.com\/index.php\/cart\/"},"modified":"2023-11-29T14:00:32","modified_gmt":"2023-11-29T20:00:32","slug":"cart","status":"publish","type":"page","link":"https:\/\/emmanuel.livealternativa.com\/index.php\/cart\/","title":{"rendered":"Cart"},"content":{"rendered":"\t\t<div data-elementor-type=\"wp-page\" data-elementor-id=\"13\" class=\"elementor elementor-13\" data-elementor-post-type=\"page\">\n\t\t\t\t\t\t\t<div data-particle_enable=\"false\" data-particle-mobile-disabled=\"false\" class=\"elementor-element elementor-element-9d63a5e e-flex e-con-boxed e-con e-parent\" data-id=\"9d63a5e\" data-element_type=\"container\" data-settings=\"{&quot;jet_parallax_layout_list&quot;:[],&quot;content_width&quot;:&quot;boxed&quot;}\" data-core-v316-plus=\"true\">\n\t\t\t\t\t<div class=\"e-con-inner\">\n\t\t\t\t<div class=\"elementor-element elementor-element-b817363 elementor-widget elementor-widget-heading\" data-id=\"b817363\" data-element_type=\"widget\" data-widget_type=\"heading.default\">\n\t\t\t\t<div class=\"elementor-widget-container\">\n\t\t\t<style>\/*! elementor - v3.17.0 - 08-11-2023 *\/\n.elementor-heading-title{padding:0;margin:0;line-height:1}.elementor-widget-heading .elementor-heading-title[class*=elementor-size-]>a{color:inherit;font-size:inherit;line-height:inherit}.elementor-widget-heading .elementor-heading-title.elementor-size-small{font-size:15px}.elementor-widget-heading .elementor-heading-title.elementor-size-medium{font-size:19px}.elementor-widget-heading .elementor-heading-title.elementor-size-large{font-size:29px}.elementor-widget-heading .elementor-heading-title.elementor-size-xl{font-size:39px}.elementor-widget-heading .elementor-heading-title.elementor-size-xxl{font-size:59px}<\/style><h2 class=\"elementor-heading-title elementor-size-default\">CARRITO DE COMPRAS<\/h2>\t\t<\/div>\n\t\t\t\t<\/div>\n\t\t\t\t<div class=\"elementor-element elementor-element-6c4bc8d elementor-widget elementor-widget-eael-woo-cart\" data-id=\"6c4bc8d\" data-element_type=\"widget\" data-settings=\"{&quot;eael_woo_cart_table_components_remove_icon&quot;:{&quot;value&quot;:&quot;fas fa-times&quot;,&quot;library&quot;:&quot;fa-solid&quot;}}\" data-widget_type=\"eael-woo-cart.default\">\n\t\t\t\t<div class=\"elementor-widget-container\">\n\t\t\t\t\t\t\t<div class=\"eael-woo-cart-wrapper eael-woo-cart-empty eael-woo-style-2 eael-auto-update33\">\n\t\t\t\t\t<p class=\"return-to-shop\">\n\t\t<a class=\"button wc-backward\" href=\"https:\/\/emmanuel.livealternativa.com\/index.php\/shop\/\">\n\t\t\tReturn to shop\t\t<\/a>\n\t<\/p>\n                <\/div>\n\t\t\t\t        <script>document.body.classList.add(\"eael-woo-cart\");<\/script>\n\t\t\t\t<\/div>\n\t\t\t\t<\/div>\n\t\t\t\t\t<\/div>\n\t\t\t\t<\/div>\n\t\t\t\t\t\t\t<\/div>\n\t\t","protected":false},"excerpt":{"rendered":"<p>CARRITO DE COMPRAS T\u00edtulo del producto. Precio Cantidad Subtotal Emmanuel Vinyl Edici\u00f3n Especial &#36;1,150.00 Emmanuel Vinyl Edici\u00f3n Especial cantidad &#36;1,150.00 Coupon: Aplicar Cup\u00f3n Actualizar Carrito Subtotal &#36;1,150.00 Env\u00edo 99 Minutos: &#36;105.00 Enviar a Ciudad de M\u00e9xico. Cambiar direcci\u00f3n Pa\u00eds \/ regi\u00f3n: Selecciona un pa\u00eds\/regi\u00f3n&hellip;M\u00e9xico Estado \/ Pa\u00eds: Elige una opci\u00f3n&hellip;Ciudad de M\u00e9xicoJaliscoNuevo Le\u00f3nAguascalientesBaja CaliforniaBaja California [&hellip;]<\/p>\n","protected":false},"author":1,"featured_media":0,"parent":0,"menu_order":0,"comment_status":"closed","ping_status":"closed","template":"","meta":{"footnotes":""},"class_list":["post-13","page","type-page","status-publish","hentry"],"_links":{"self":[{"href":"https:\/\/emmanuel.livealternativa.com\/index.php\/wp-json\/wp\/v2\/pages\/13","targetHints":{"allow":["GET"]}}],"collection":[{"href":"https:\/\/emmanuel.livealternativa.com\/index.php\/wp-json\/wp\/v2\/pages"}],"about":[{"href":"https:\/\/emmanuel.livealternativa.com\/index.php\/wp-json\/wp\/v2\/types\/page"}],"author":[{"embeddable":true,"href":"https:\/\/emmanuel.livealternativa.com\/index.php\/wp-json\/wp\/v2\/users\/1"}],"replies":[{"embeddable":true,"href":"https:\/\/emmanuel.livealternativa.com\/index.php\/wp-json\/wp\/v2\/comments?post=13"}],"version-history":[{"count":3,"href":"https:\/\/emmanuel.livealternativa.com\/index.php\/wp-json\/wp\/v2\/pages\/13\/revisions"}],"predecessor-version":[{"id":60,"href":"https:\/\/emmanuel.livealternativa.com\/index.php\/wp-json\/wp\/v2\/pages\/13\/revisions\/60"}],"wp:attachment":[{"href":"https:\/\/emmanuel.livealternativa.com\/index.php\/wp-json\/wp\/v2\/media?parent=13"}],"curies":[{"name":"wp","href":"https:\/\/api.w.org\/{rel}","templated":true}]}}