{"id":15,"date":"2023-11-29T18:40:13","date_gmt":"2023-11-29T18:40:13","guid":{"rendered":"https:\/\/emmanuel.livealternativa.com\/index.php\/my-account\/"},"modified":"2023-11-29T14:09:30","modified_gmt":"2023-11-29T20:09:30","slug":"my-account","status":"publish","type":"page","link":"https:\/\/emmanuel.livealternativa.com\/index.php\/my-account\/","title":{"rendered":"My account"},"content":{"rendered":"\t\t<div data-elementor-type=\"wp-page\" data-elementor-id=\"15\" class=\"elementor elementor-15\" data-elementor-post-type=\"page\">\n\t\t\t\t\t\t\t<div data-particle_enable=\"false\" data-particle-mobile-disabled=\"false\" class=\"elementor-element elementor-element-2eaaaa7d e-flex e-con-boxed e-con e-parent\" data-id=\"2eaaaa7d\" data-element_type=\"container\" data-settings=\"{&quot;jet_parallax_layout_list&quot;:[],&quot;content_width&quot;:&quot;boxed&quot;}\" data-core-v316-plus=\"true\">\n\t\t\t\t\t<div class=\"e-con-inner\">\n\t\t\t\t<div class=\"elementor-element elementor-element-2f5ea77 elementor-widget elementor-widget-heading\" data-id=\"2f5ea77\" data-element_type=\"widget\" data-widget_type=\"heading.default\">\n\t\t\t\t<div class=\"elementor-widget-container\">\n\t\t\t<style>\/*! elementor - v3.17.0 - 08-11-2023 *\/\n.elementor-heading-title{padding:0;margin:0;line-height:1}.elementor-widget-heading .elementor-heading-title[class*=elementor-size-]>a{color:inherit;font-size:inherit;line-height:inherit}.elementor-widget-heading .elementor-heading-title.elementor-size-small{font-size:15px}.elementor-widget-heading .elementor-heading-title.elementor-size-medium{font-size:19px}.elementor-widget-heading .elementor-heading-title.elementor-size-large{font-size:29px}.elementor-widget-heading .elementor-heading-title.elementor-size-xl{font-size:39px}.elementor-widget-heading .elementor-heading-title.elementor-size-xxl{font-size:59px}<\/style><h2 class=\"elementor-heading-title elementor-size-default\">TUS COMPRAS<\/h2>\t\t<\/div>\n\t\t\t\t<\/div>\n\t\t\t\t<div class=\"elementor-element elementor-element-f57206d elementor-widget elementor-widget-eael-woo-account-dashboard\" data-id=\"f57206d\" data-element_type=\"widget\" data-settings=\"{&quot;eael_account_dashboard_table_header_column_alignment&quot;:&quot;left&quot;,&quot;eael_account_dashboard_table_body_column_alignment&quot;:&quot;left&quot;}\" data-widget_type=\"eael-woo-account-dashboard.default\">\n\t\t\t\t<div class=\"elementor-widget-container\">\n\t\t\t\n        <div>\n            <div class=\"eael-account-dashboard-wrapper preset-1\">\n    <div class=\"eael-account-dashboard-body\">\n        <div class=\"eael-account-dashboard-container\">\n            \t\t<div class=\"eael-account-dashboard-navbar eael-d-none\">\n\t\t\t\n<nav class=\"woocommerce-MyAccount-navigation\">\n\t<ul>\n\t\t\t\t\t<li class=\"woocommerce-MyAccount-navigation-link woocommerce-MyAccount-navigation-link--dashboard\">\n\t\t\t\t<a href=\"https:\/\/emmanuel.livealternativa.com\/index.php\/my-account\/\">PANEL<\/a>\n\t\t\t<\/li>\n\t\t\t\t\t<li class=\"woocommerce-MyAccount-navigation-link woocommerce-MyAccount-navigation-link--orders\">\n\t\t\t\t<a href=\"https:\/\/emmanuel.livealternativa.com\/index.php\/my-account\/orders\/\">\u00d3RDENES<\/a>\n\t\t\t<\/li>\n\t\t\t\t\t<li class=\"woocommerce-MyAccount-navigation-link woocommerce-MyAccount-navigation-link--downloads\">\n\t\t\t\t<a href=\"https:\/\/emmanuel.livealternativa.com\/index.php\/my-account\/downloads\/\">DESCARGAS<\/a>\n\t\t\t<\/li>\n\t\t\t\t\t<li class=\"woocommerce-MyAccount-navigation-link woocommerce-MyAccount-navigation-link--edit-address\">\n\t\t\t\t<a href=\"https:\/\/emmanuel.livealternativa.com\/index.php\/my-account\/edit-address\/\">DIRECCIONES<\/a>\n\t\t\t<\/li>\n\t\t\t\t\t<li class=\"woocommerce-MyAccount-navigation-link woocommerce-MyAccount-navigation-link--edit-account\">\n\t\t\t\t<a href=\"https:\/\/emmanuel.livealternativa.com\/index.php\/my-account\/edit-account\/\">TU CUENTA<\/a>\n\t\t\t<\/li>\n\t\t\t\t\t<li class=\"woocommerce-MyAccount-navigation-link woocommerce-MyAccount-navigation-link--customer-logout\">\n\t\t\t\t<a href=\"https:\/\/emmanuel.livealternativa.com\/index.php\/my-account\/customer-logout\/?_wpnonce=0ab227b58f\">SALIR<\/a>\n\t\t\t<\/li>\n\t\t\t<\/ul>\n<\/nav>\n\n\n\t\t\t\t\t<\/div>\n\t\t            \t\t<div class=\"eael-account-dashboard-content\">\n\t\t\t<div class=\"woocommerce\">\n\n\t\t<h2>Login<\/h2>\n\n\t\t<form class=\"woocommerce-form woocommerce-form-login login\" method=\"post\">\n\n\t\t\t\n\t\t\t<p class=\"woocommerce-form-row woocommerce-form-row--wide form-row form-row-wide\">\n\t\t\t\t<label for=\"username\">Username or email address&nbsp;<span class=\"required\">*<\/span><\/label>\n\t\t\t\t<input type=\"text\" class=\"woocommerce-Input woocommerce-Input--text input-text\" name=\"username\" id=\"username\" autocomplete=\"username\" value=\"\" \/>\t\t\t<\/p>\n\t\t\t<p class=\"woocommerce-form-row woocommerce-form-row--wide form-row form-row-wide\">\n\t\t\t\t<label for=\"password\">Password&nbsp;<span class=\"required\">*<\/span><\/label>\n\t\t\t\t<input class=\"woocommerce-Input woocommerce-Input--text input-text\" type=\"password\" name=\"password\" id=\"password\" autocomplete=\"current-password\" \/>\n\t\t\t<\/p>\n\n\t\t\t\n\t\t\t<p class=\"form-row\">\n\t\t\t\t<label class=\"woocommerce-form__label woocommerce-form__label-for-checkbox woocommerce-form-login__rememberme\">\n\t\t\t\t\t<input class=\"woocommerce-form__input woocommerce-form__input-checkbox\" name=\"rememberme\" type=\"checkbox\" id=\"rememberme\" value=\"forever\" \/> <span>Remember me<\/span>\n\t\t\t\t<\/label>\n\t\t\t\t<input type=\"hidden\" id=\"woocommerce-login-nonce\" name=\"woocommerce-login-nonce\" value=\"5d88bcf615\" \/><input type=\"hidden\" name=\"_wp_http_referer\" value=\"\/index.php\/wp-json\/wp\/v2\/pages\/15\" \/>\t\t\t\t<button type=\"submit\" class=\"woocommerce-button button woocommerce-form-login__submit\" name=\"login\" value=\"Log in\">Log in<\/button>\n\t\t\t<\/p>\n\t\t\t<p class=\"woocommerce-LostPassword lost_password\">\n\t\t\t\t<a href=\"https:\/\/emmanuel.livealternativa.com\/index.php\/my-account\/lost-password\/\">Lost your password?<\/a>\n\t\t\t<\/p>\n\n\t\t\t\n\t\t<\/form>\n\n\n<\/div>\t\t<\/div>\n\t\t        <\/div>\n    <\/div>\n<\/div>        <\/div>\n\n\t\t\t\t<\/div>\n\t\t\t\t<\/div>\n\t\t\t\t\t<\/div>\n\t\t\t\t<\/div>\n\t\t\t\t\t\t\t<\/div>\n\t\t","protected":false},"excerpt":{"rendered":"<p>TUS COMPRAS PANEL \u00d3RDENES DESCARGAS DIRECCIONES TU CUENTA SALIR PANEL \u00d3RDENES DESCARGAS DIRECCIONES TU CUENTA SALIR Hola mxgabo (\u00bfno eres mxgabo? Cerrar sesi\u00f3n) Desde el panel de control de tu cuenta puedes ver tus pedidos recientes, gestionar tus direcciones de env\u00edo y facturaci\u00f3n y editar tu contrase\u00f1a y los detalles de tu cuenta.<\/p>\n","protected":false},"author":1,"featured_media":0,"parent":0,"menu_order":0,"comment_status":"closed","ping_status":"closed","template":"","meta":{"footnotes":""},"class_list":["post-15","page","type-page","status-publish","hentry"],"_links":{"self":[{"href":"https:\/\/emmanuel.livealternativa.com\/index.php\/wp-json\/wp\/v2\/pages\/15","targetHints":{"allow":["GET"]}}],"collection":[{"href":"https:\/\/emmanuel.livealternativa.com\/index.php\/wp-json\/wp\/v2\/pages"}],"about":[{"href":"https:\/\/emmanuel.livealternativa.com\/index.php\/wp-json\/wp\/v2\/types\/page"}],"author":[{"embeddable":true,"href":"https:\/\/emmanuel.livealternativa.com\/index.php\/wp-json\/wp\/v2\/users\/1"}],"replies":[{"embeddable":true,"href":"https:\/\/emmanuel.livealternativa.com\/index.php\/wp-json\/wp\/v2\/comments?post=15"}],"version-history":[{"count":3,"href":"https:\/\/emmanuel.livealternativa.com\/index.php\/wp-json\/wp\/v2\/pages\/15\/revisions"}],"predecessor-version":[{"id":75,"href":"https:\/\/emmanuel.livealternativa.com\/index.php\/wp-json\/wp\/v2\/pages\/15\/revisions\/75"}],"wp:attachment":[{"href":"https:\/\/emmanuel.livealternativa.com\/index.php\/wp-json\/wp\/v2\/media?parent=15"}],"curies":[{"name":"wp","href":"https:\/\/api.w.org\/{rel}","templated":true}]}}