{"id":20,"date":"2023-11-29T12:55:49","date_gmt":"2023-11-29T18:55:49","guid":{"rendered":"https:\/\/emmanuel.livealternativa.com\/?page_id=20"},"modified":"2023-11-29T15:35:48","modified_gmt":"2023-11-29T21:35:48","slug":"inicio","status":"publish","type":"page","link":"https:\/\/emmanuel.livealternativa.com\/","title":{"rendered":"Inicio"},"content":{"rendered":"\t\t<div data-elementor-type=\"wp-page\" data-elementor-id=\"20\" class=\"elementor elementor-20\" data-elementor-post-type=\"page\">\n\t\t\t\t\t\t\t<div data-particle_enable=\"false\" data-particle-mobile-disabled=\"false\" class=\"elementor-element elementor-element-11b9c9c e-flex e-con-boxed e-con e-parent\" data-id=\"11b9c9c\" data-element_type=\"container\" data-settings=\"{&quot;jet_parallax_layout_list&quot;:[],&quot;content_width&quot;:&quot;boxed&quot;}\" data-core-v316-plus=\"true\">\n\t\t\t\t\t<div class=\"e-con-inner\">\n\t\t<div data-particle_enable=\"false\" data-particle-mobile-disabled=\"false\" class=\"elementor-element elementor-element-631ee7d e-con-full e-flex e-con e-child\" data-id=\"631ee7d\" data-element_type=\"container\" data-settings=\"{&quot;content_width&quot;:&quot;full&quot;,&quot;jet_parallax_layout_list&quot;:[]}\">\n\t\t\t\t<div class=\"elementor-element elementor-element-87c0a60 elementor-widget elementor-widget-image\" data-id=\"87c0a60\" data-element_type=\"widget\" data-widget_type=\"image.default\">\n\t\t\t\t<div class=\"elementor-widget-container\">\n\t\t\t<style>\/*! elementor - v3.17.0 - 08-11-2023 *\/\n.elementor-widget-image{text-align:center}.elementor-widget-image a{display:inline-block}.elementor-widget-image a img[src$=\".svg\"]{width:48px}.elementor-widget-image img{vertical-align:middle;display:inline-block}<\/style>\t\t\t\t\t\t\t\t\t\t\t\t<img loading=\"lazy\" decoding=\"async\" width=\"1920\" height=\"1141\" src=\"https:\/\/emmanuel.livealternativa.com\/wp-content\/uploads\/2023\/11\/mockup_vinilo.jpg\" class=\"attachment-full size-full wp-image-23\" alt=\"\" srcset=\"https:\/\/emmanuel.livealternativa.com\/wp-content\/uploads\/2023\/11\/mockup_vinilo.jpg 1920w, https:\/\/emmanuel.livealternativa.com\/wp-content\/uploads\/2023\/11\/mockup_vinilo-600x357.jpg 600w, https:\/\/emmanuel.livealternativa.com\/wp-content\/uploads\/2023\/11\/mockup_vinilo-300x178.jpg 300w, https:\/\/emmanuel.livealternativa.com\/wp-content\/uploads\/2023\/11\/mockup_vinilo-1024x609.jpg 1024w, https:\/\/emmanuel.livealternativa.com\/wp-content\/uploads\/2023\/11\/mockup_vinilo-768x456.jpg 768w, https:\/\/emmanuel.livealternativa.com\/wp-content\/uploads\/2023\/11\/mockup_vinilo-1536x913.jpg 1536w\" sizes=\"auto, (max-width: 1920px) 100vw, 1920px\" \/>\t\t\t\t\t\t\t\t\t\t\t\t\t\t\t<\/div>\n\t\t\t\t<\/div>\n\t\t\t\t<\/div>\n\t\t\t\t\t<\/div>\n\t\t\t\t<\/div>\n\t\t<div data-particle_enable=\"false\" data-particle-mobile-disabled=\"false\" class=\"elementor-element elementor-element-f001496 e-flex e-con-boxed e-con e-parent\" data-id=\"f001496\" data-element_type=\"container\" data-settings=\"{&quot;jet_parallax_layout_list&quot;:[],&quot;content_width&quot;:&quot;boxed&quot;}\" data-core-v316-plus=\"true\">\n\t\t\t\t\t<div class=\"e-con-inner\">\n\t\t<div data-particle_enable=\"false\" data-particle-mobile-disabled=\"false\" class=\"elementor-element elementor-element-35afbe8 e-con-full e-flex e-con e-child\" data-id=\"35afbe8\" data-element_type=\"container\" data-settings=\"{&quot;content_width&quot;:&quot;full&quot;,&quot;jet_parallax_layout_list&quot;:[]}\">\n\t\t\t\t<div class=\"elementor-element elementor-element-f6c1cc4 elementor-widget elementor-widget-text-editor\" data-id=\"f6c1cc4\" data-element_type=\"widget\" data-widget_type=\"text-editor.default\">\n\t\t\t\t<div class=\"elementor-widget-container\">\n\t\t\t<style>\/*! elementor - v3.17.0 - 08-11-2023 *\/\n.elementor-widget-text-editor.elementor-drop-cap-view-stacked .elementor-drop-cap{background-color:#69727d;color:#fff}.elementor-widget-text-editor.elementor-drop-cap-view-framed .elementor-drop-cap{color:#69727d;border:3px solid;background-color:transparent}.elementor-widget-text-editor:not(.elementor-drop-cap-view-default) .elementor-drop-cap{margin-top:8px}.elementor-widget-text-editor:not(.elementor-drop-cap-view-default) .elementor-drop-cap-letter{width:1em;height:1em}.elementor-widget-text-editor .elementor-drop-cap{float:left;text-align:center;line-height:1;font-size:50px}.elementor-widget-text-editor .elementor-drop-cap-letter{display:inline-block}<\/style>\t\t\t\t<p>Adquiere este Vinyl Edici\u00f3n Especial Limitado a 800 Unidades Foliadas y Regala una Navidad Inolvidable a tus Amigos y Familiares.<\/p><p><strong>Este Producto esta disponible exclusivamente en este sitio de preventa.<\/strong><\/p><p><span style=\"text-decoration: underline;\">\u00a1No pierdas esta oportunidad, se est\u00e1n agotando r\u00e1pido!<\/span><\/p>\t\t\t\t\t\t<\/div>\n\t\t\t\t<\/div>\n\t\t\t\t<div class=\"elementor-element elementor-element-9c29f56 elementor-widget elementor-widget-heading\" data-id=\"9c29f56\" data-element_type=\"widget\" data-widget_type=\"heading.default\">\n\t\t\t\t<div class=\"elementor-widget-container\">\n\t\t\t<style>\/*! elementor - v3.17.0 - 08-11-2023 *\/\n.elementor-heading-title{padding:0;margin:0;line-height:1}.elementor-widget-heading .elementor-heading-title[class*=elementor-size-]>a{color:inherit;font-size:inherit;line-height:inherit}.elementor-widget-heading .elementor-heading-title.elementor-size-small{font-size:15px}.elementor-widget-heading .elementor-heading-title.elementor-size-medium{font-size:19px}.elementor-widget-heading .elementor-heading-title.elementor-size-large{font-size:29px}.elementor-widget-heading .elementor-heading-title.elementor-size-xl{font-size:39px}.elementor-widget-heading .elementor-heading-title.elementor-size-xxl{font-size:59px}<\/style><p class=\"elementor-heading-title elementor-size-default\">FECHA DE ENTREGA M\u00c1XIMA EN TU DOMICILIO 22 DE DICIEMBRE 2023<\/p>\t\t<\/div>\n\t\t\t\t<\/div>\n\t\t\t\t<\/div>\n\t\t<div data-particle_enable=\"false\" data-particle-mobile-disabled=\"false\" class=\"elementor-element elementor-element-6c9c76d e-con-full e-flex e-con e-child\" data-id=\"6c9c76d\" data-element_type=\"container\" data-settings=\"{&quot;content_width&quot;:&quot;full&quot;,&quot;jet_parallax_layout_list&quot;:[]}\">\n\t\t\t\t<div class=\"elementor-element elementor-element-a33f6ac elementor-widget elementor-widget-heading\" data-id=\"a33f6ac\" data-element_type=\"widget\" data-widget_type=\"heading.default\">\n\t\t\t\t<div class=\"elementor-widget-container\">\n\t\t\t<h2 class=\"elementor-heading-title elementor-size-default\">\u00a1C\u00f3mpralo Aqu\u00ed!<\/h2>\t\t<\/div>\n\t\t\t\t<\/div>\n\t\t\t\t<div class=\"elementor-element elementor-element-ab6b84a elementor-widget elementor-widget-heading\" data-id=\"ab6b84a\" data-element_type=\"widget\" data-widget_type=\"heading.default\">\n\t\t\t\t<div class=\"elementor-widget-container\">\n\t\t\t<p class=\"elementor-heading-title elementor-size-default\">Precio $1,150 Pesos Mexicanos<\/p>\t\t<\/div>\n\t\t\t\t<\/div>\n\t\t\t\t<\/div>\n\t\t\t\t\t<\/div>\n\t\t\t\t<\/div>\n\t\t\t\t\t\t\t<\/div>\n\t\t","protected":false},"excerpt":{"rendered":"<p>Adquiere este Vinyl Edici\u00f3n Especial Limitado a 800 Unidades Foliadas y Regala una Navidad Inolvidable a tus Amigos y Familiares. Este Producto esta disponible exclusivamente en este sitio de preventa. \u00a1No pierdas esta oportunidad, se est\u00e1n agotando r\u00e1pido! FECHA DE ENTREGA M\u00c1XIMA EN TU DOMICILIO 22 DE DICIEMBRE 2023 \u00a1C\u00f3mpralo Aqu\u00ed! Precio $1,150 Pesos Mexicanos [&hellip;]<\/p>\n","protected":false},"author":1,"featured_media":0,"parent":0,"menu_order":0,"comment_status":"closed","ping_status":"closed","template":"elementor_header_footer","meta":{"footnotes":""},"class_list":["post-20","page","type-page","status-publish","hentry"],"_links":{"self":[{"href":"https:\/\/emmanuel.livealternativa.com\/index.php\/wp-json\/wp\/v2\/pages\/20","targetHints":{"allow":["GET"]}}],"collection":[{"href":"https:\/\/emmanuel.livealternativa.com\/index.php\/wp-json\/wp\/v2\/pages"}],"about":[{"href":"https:\/\/emmanuel.livealternativa.com\/index.php\/wp-json\/wp\/v2\/types\/page"}],"author":[{"embeddable":true,"href":"https:\/\/emmanuel.livealternativa.com\/index.php\/wp-json\/wp\/v2\/users\/1"}],"replies":[{"embeddable":true,"href":"https:\/\/emmanuel.livealternativa.com\/index.php\/wp-json\/wp\/v2\/comments?post=20"}],"version-history":[{"count":40,"href":"https:\/\/emmanuel.livealternativa.com\/index.php\/wp-json\/wp\/v2\/pages\/20\/revisions"}],"predecessor-version":[{"id":109,"href":"https:\/\/emmanuel.livealternativa.com\/index.php\/wp-json\/wp\/v2\/pages\/20\/revisions\/109"}],"wp:attachment":[{"href":"https:\/\/emmanuel.livealternativa.com\/index.php\/wp-json\/wp\/v2\/media?parent=20"}],"curies":[{"name":"wp","href":"https:\/\/api.w.org\/{rel}","templated":true}]}}